{"id":139,"date":"2014-03-22T04:44:08","date_gmt":"2014-03-22T03:44:08","guid":{"rendered":"http:\/\/hulth.se\/fredrik\/?page_id=139"},"modified":"2014-03-22T04:48:49","modified_gmt":"2014-03-22T03:48:49","slug":"hej-varlden","status":"publish","type":"page","link":"http:\/\/hulth.se\/fredrik\/","title":{"rendered":"Hej V\u00e4rlden!"},"content":{"rendered":"<p>Hej V\u00e4rlden!<\/p>\n<p>Min n\u00e4tkod \u00e4r: <strong>FREDRIKHIMLEN<\/strong><\/p>\n<p>Vill du komma i kontakt med mig s\u00e5 skicka till mig p\u00e5 Gmail eller Ymail eller Twitter eller vilken tj\u00e4nst du nu vill anv\u00e4nda!<\/p>\n","protected":false},"excerpt":{"rendered":"<p>Hej V\u00e4rlden! Min n\u00e4tkod \u00e4r: FREDRIKHIMLEN Vill du komma i kontakt med mig s\u00e5 skicka till mig p\u00e5 Gmail eller Ymail eller Twitter eller vilken tj\u00e4nst du nu vill anv\u00e4nda!<\/p>\n","protected":false},"author":2,"featured_media":0,"parent":0,"menu_order":0,"comment_status":"closed","ping_status":"closed","template":"page-templates\/full-width.php","meta":{"_monsterinsights_skip_tracking":false,"_monsterinsights_sitenote_active":false,"_monsterinsights_sitenote_note":"","_monsterinsights_sitenote_category":0,"footnotes":""},"class_list":["post-139","page","type-page","status-publish","hentry"],"_links":{"self":[{"href":"http:\/\/hulth.se\/fredrik\/wp-json\/wp\/v2\/pages\/139","targetHints":{"allow":["GET"]}}],"collection":[{"href":"http:\/\/hulth.se\/fredrik\/wp-json\/wp\/v2\/pages"}],"about":[{"href":"http:\/\/hulth.se\/fredrik\/wp-json\/wp\/v2\/types\/page"}],"author":[{"embeddable":true,"href":"http:\/\/hulth.se\/fredrik\/wp-json\/wp\/v2\/users\/2"}],"replies":[{"embeddable":true,"href":"http:\/\/hulth.se\/fredrik\/wp-json\/wp\/v2\/comments?post=139"}],"version-history":[{"count":3,"href":"http:\/\/hulth.se\/fredrik\/wp-json\/wp\/v2\/pages\/139\/revisions"}],"predecessor-version":[{"id":142,"href":"http:\/\/hulth.se\/fredrik\/wp-json\/wp\/v2\/pages\/139\/revisions\/142"}],"wp:attachment":[{"href":"http:\/\/hulth.se\/fredrik\/wp-json\/wp\/v2\/media?parent=139"}],"curies":[{"name":"wp","href":"https:\/\/api.w.org\/{rel}","templated":true}]}}